{"id":34,"date":"2023-11-15T14:29:59","date_gmt":"2023-11-15T14:29:59","guid":{"rendered":"https:\/\/devrsduemental.iie.cl\/index.php\/register\/"},"modified":"2024-07-15T11:27:42","modified_gmt":"2024-07-15T15:27:42","slug":"register","status":"publish","type":"page","link":"https:\/\/aquicontigo.uestatales.cl\/index.php\/register\/","title":{"rendered":"Registro"},"content":{"rendered":"\n<div class=\"um um-register um-28\">\n\t<div class=\"um-form\" data-mode=\"register\">\n\t\t<form method=\"post\" action=\"\">\n\t\t\t<div class=\"um-row _um_row_1 \" style=\"margin: 0 0 30px 0;\"><div class=\"um-col-1\"><div  id=\"um_field_28_user_email\" class=\"um-field um-field-text  um-field-user_email um-field-text um-field-type_text\" data-key=\"user_email\"><div class=\"um-field-label\"><label for=\"user_email-28\">Correo electr\u00f3nico (ser\u00e1 su nombre de usuario)<\/label><div class=\"um-clear\"><\/div><\/div><div class=\"um-field-area\"><input  autocomplete=\"off\" class=\"um-form-field valid not-required \" type=\"text\" name=\"user_email-28\" id=\"user_email-28\" value=\"\" placeholder=\"\" data-validate=\"custom\" data-key=\"user_email\"  aria-invalid=\"false\" \/>\n\n\t\t\t\t\t\t<\/div><\/div><div  id=\"um_field_28_Fullname\" class=\"um-field um-field-text  um-field-Fullname um-field-text um-field-type_text\" data-key=\"Fullname\"><div class=\"um-field-label\"><label for=\"Fullname-28\">Nombre Completo<\/label><div class=\"um-clear\"><\/div><\/div><div class=\"um-field-area\"><input  autocomplete=\"off\" class=\"um-form-field valid \" type=\"text\" name=\"Fullname-28\" id=\"Fullname-28\" value=\"\" placeholder=\"\" data-validate=\"english\" data-key=\"Fullname\"  aria-invalid=\"false\" \/>\n\n\t\t\t\t\t\t<\/div><\/div><div  id=\"um_field_28_user_password\" class=\"um-field um-field-password  um-field-user_password um-field-password um-field-type_password\" data-key=\"user_password\"><div class=\"um-field-label\"><label for=\"user_password-28\">Contrase\u00f1a<\/label><div class=\"um-clear\"><\/div><\/div><div class=\"um-field-area\"><input class=\"um-form-field valid \" type=\"password\" name=\"user_password-28\" id=\"user_password-28\" value=\"\" placeholder=\"\" data-validate=\"\" data-key=\"user_password\"  aria-invalid=\"false\" \/>\n\n\t\t\t\t\t\t\t<\/div><\/div><div  id=\"um_field_28_confirm_user_password\" class=\"um-field um-field-password  um-field-user_password um-field-password um-field-type_password\" data-key=\"confirm_user_password\"><div class=\"um-field-label\"><label for=\"confirm_user_password-28\">Confirmar Contrase\u00f1a<\/label><div class=\"um-clear\"><\/div><\/div><div class=\"um-field-area\"><input class=\"um-form-field valid \" type=\"password\" name=\"confirm_user_password-28\" id=\"confirm_user_password-28\" value=\"\" placeholder=\"Confirmar Contrase\u00f1a\" data-validate=\"\" data-key=\"confirm_user_password\"  aria-invalid=\"false\" \/><\/div><\/div><\/div><\/div>\t<input type=\"hidden\" name=\"form_id\" id=\"form_id_28\" value=\"28\" \/>\n\t\t<p class=\"um_request_name\">\n\t\t<label for=\"um_request_28\">Only fill in if you are not human<\/label>\n\t\t<input type=\"hidden\" name=\"um_request\" id=\"um_request_28\" class=\"input\" value=\"\" size=\"25\" autocomplete=\"off\" \/>\n\t<\/p>\n\t<input type=\"hidden\" id=\"_wpnonce\" name=\"_wpnonce\" value=\"7b0f3cc2df\" \/><input type=\"hidden\" name=\"_wp_http_referer\" value=\"\/index.php\/wp-json\/wp\/v2\/pages\/34\" \/>\n\t<div class=\"um-col-alt\">\n\n\t\t\n\t\t\t<div class=\"um-left um-half\">\n\t\t\t\t<input type=\"submit\" value=\"Registro\" class=\"um-button\" id=\"um-submit-btn\" \/>\n\t\t\t<\/div>\n\t\t\t<div class=\"um-right um-half\">\n\t\t\t\t<a href=\"\" class=\"um-button um-alt\">\n\t\t\t\t\tIniciar sesi\u00f3n\t\t\t\t<\/a>\n\t\t\t<\/div>\n\n\t\t\n\t\t<div class=\"um-clear\"><\/div>\n\n\t<\/div>\n\n\t<div id=\"nsl-custom-login-form-1\"><div class=\"nsl-container nsl-container-block-fullwidth\"><div class=\"nsl-container-buttons\"><a href=\"https:\/\/aquicontigo.uestatales.cl\/wp-login.php?loginSocial=google&#038;redirect=https%3A%2F%2Faquicontigo.uestatales.cl%2Findex.php%2Fwp-json%2Fwp%2Fv2%2Fpages%2F34\" rel=\"nofollow\" aria-label=\"Continuar con &lt;b&gt;Google&lt;\/b&gt;\" data-plugin=\"nsl\" data-action=\"connect\" data-provider=\"google\" data-popupwidth=\"600\" data-popupheight=\"600\"><div class=\"nsl-button nsl-button-default nsl-button-google\" data-skin=\"light\" style=\"background-color:#fff;\"><div class=\"nsl-button-svg-container\"><svg xmlns=\"http:\/\/www.w3.org\/2000\/svg\" width=\"24\" height=\"24\" viewBox=\"0 0 24 24\"><path fill=\"#4285F4\" d=\"M20.64 12.2045c0-.6381-.0573-1.2518-.1636-1.8409H12v3.4814h4.8436c-.2086 1.125-.8427 2.0782-1.7959 2.7164v2.2581h2.9087c1.7018-1.5668 2.6836-3.874 2.6836-6.615z\"><\/path><path fill=\"#34A853\" d=\"M12 21c2.43 0 4.4673-.806 5.9564-2.1805l-2.9087-2.2581c-.8059.54-1.8368.859-3.0477.859-2.344 0-4.3282-1.5831-5.036-3.7104H3.9574v2.3318C5.4382 18.9832 8.4818 21 12 21z\"><\/path><path fill=\"#FBBC05\" d=\"M6.964 13.71c-.18-.54-.2822-1.1168-.2822-1.71s.1023-1.17.2823-1.71V7.9582H3.9573A8.9965 8.9965 0 0 0 3 12c0 1.4523.3477 2.8268.9573 4.0418L6.964 13.71z\"><\/path><path fill=\"#EA4335\" d=\"M12 6.5795c1.3214 0 2.5077.4541 3.4405 1.346l2.5813-2.5814C16.4632 3.8918 14.426 3 12 3 8.4818 3 5.4382 5.0168 3.9573 7.9582L6.964 10.29C7.6718 8.1627 9.6559 6.5795 12 6.5795z\"><\/path><\/svg><\/div><div class=\"nsl-button-label-container\">Continuar con <b>Google<\/b><\/div><\/div><\/a><a href=\"https:\/\/aquicontigo.uestatales.cl\/wp-login.php?loginSocial=microsoft&#038;redirect=https%3A%2F%2Faquicontigo.uestatales.cl%2Findex.php%2Fwp-json%2Fwp%2Fv2%2Fpages%2F34\" rel=\"nofollow\" aria-label=\"Continuar con &lt;b&gt;Microsoft&lt;\/b&gt;\" data-plugin=\"nsl\" data-action=\"connect\" data-provider=\"microsoft\" data-popupwidth=\"600\" data-popupheight=\"600\"><div class=\"nsl-button nsl-button-default nsl-button-microsoft\" style=\"background-color:#2F2F2F;\"><div class=\"nsl-button-svg-container\"><svg width=\"24\" height=\"24\" viewBox=\"0 0 24 24\" fill=\"none\" xmlns=\"http:\/\/www.w3.org\/2000\/svg\"><path d=\"M11 2H2V11H11V2Z\" fill=\"#F25022\"\/><path d=\"M11 12H2V21H11V12Z\" fill=\"#00A4EF\"\/><path d=\"M21 2H12V11H21V2Z\" fill=\"#7FBA00\"\/><path d=\"M21 12H12V21H21V12Z\" fill=\"#FFB900\"\/><\/svg><\/div><div class=\"nsl-button-label-container\">Continuar con <b>Microsoft<\/b><\/div><\/div><\/a><\/div><\/div><\/div><script type=\"text\/javascript\">\n    window._nslDOMReady(function () {\n        var container = document.getElementById('nsl-custom-login-form-1'),\n            form = container.closest('form');\n\n        var innerContainer = container.querySelector(\".nsl-container\");\n        if (innerContainer) {\n            innerContainer.classList.add('nsl-container-um-register-layout-below');\n            innerContainer.style.display = 'block';\n        }\n\n        form.parentNode.appendChild(container);\n    });\n<\/script>\n<style type=\"text\/css\">\n    \n    #nsl-custom-login-form-1 {\n        margin-top: 20px;\n    }\n    \n    #nsl-custom-login-form-1 .nsl-container {\n        display: none;\n    }\n\n    #nsl-custom-login-form-1 .nsl-container-um-register-layout-below {\n        clear: both;\n        padding: 20px 0 0;\n    }<\/style>\n\t\t<\/form>\n\t<\/div>\n<\/div>\n<style>\n\t\t\t.um-28.um {\n\t\t\tmax-width: 450px;\n\t\t}\n\t\t<\/style>\n\n","protected":false},"excerpt":{"rendered":"Correo electr\u00f3nico (ser\u00e1 su nombre de usuario) Nombre Completo Contrase\u00f1a Confirmar Contrase\u00f1a Only fill in if you are not human Iniciar sesi\u00f3n Continuar con GoogleContinuar con Microsoft","protected":false},"author":1,"featured_media":0,"parent":0,"menu_order":0,"comment_status":"closed","ping_status":"closed","template":"","meta":{"inline_featured_image":false,"footnotes":""},"class_list":["post-34","page","type-page","status-publish"],"yoast_head":"<!-- This site is optimized with the Yoast SEO plugin v27.4 - https:\/\/yoast.com\/product\/yoast-seo-wordpress\/ -->\n<title>Registro - Aqu\u00ed Contigo<\/title>\n<meta name=\"robots\" content=\"noindex, nofollow\" \/>\n<meta property=\"og:locale\" content=\"es_ES\" \/>\n<meta property=\"og:type\" content=\"article\" \/>\n<meta property=\"og:title\" content=\"Registro - Aqu\u00ed Contigo\" \/>\n<meta property=\"og:url\" content=\"https:\/\/aquicontigo.uestatales.cl\/index.php\/register\/\" \/>\n<meta property=\"og:site_name\" content=\"Aqu\u00ed Contigo\" \/>\n<meta property=\"article:modified_time\" content=\"2024-07-15T15:27:42+00:00\" \/>\n<meta property=\"og:image\" content=\"https:\/\/aquicontigo.uestatales.cl\/wp-content\/uploads\/2024\/08\/logo-RSDUE-COMPARTIR.png\" \/>\n\t<meta property=\"og:image:width\" content=\"1200\" \/>\n\t<meta property=\"og:image:height\" content=\"675\" \/>\n\t<meta property=\"og:image:type\" content=\"image\/png\" \/>\n<meta name=\"twitter:card\" content=\"summary_large_image\" \/>\n<meta name=\"twitter:label1\" content=\"Tiempo de lectura\" \/>\n\t<meta name=\"twitter:data1\" content=\"1 minuto\" \/>\n<script type=\"application\/ld+json\" class=\"yoast-schema-graph\">{\"@context\":\"https:\\\/\\\/schema.org\",\"@graph\":[{\"@type\":\"WebPage\",\"@id\":\"https:\\\/\\\/aquicontigo.uestatales.cl\\\/index.php\\\/register\\\/\",\"url\":\"https:\\\/\\\/aquicontigo.uestatales.cl\\\/index.php\\\/register\\\/\",\"name\":\"Registro - Aqu\u00ed Contigo\",\"isPartOf\":{\"@id\":\"https:\\\/\\\/aquicontigo.uestatales.cl\\\/#website\"},\"datePublished\":\"2023-11-15T14:29:59+00:00\",\"dateModified\":\"2024-07-15T15:27:42+00:00\",\"breadcrumb\":{\"@id\":\"https:\\\/\\\/aquicontigo.uestatales.cl\\\/index.php\\\/register\\\/#breadcrumb\"},\"inLanguage\":\"es\",\"potentialAction\":[{\"@type\":\"ReadAction\",\"target\":[\"https:\\\/\\\/aquicontigo.uestatales.cl\\\/index.php\\\/register\\\/\"]}]},{\"@type\":\"BreadcrumbList\",\"@id\":\"https:\\\/\\\/aquicontigo.uestatales.cl\\\/index.php\\\/register\\\/#breadcrumb\",\"itemListElement\":[{\"@type\":\"ListItem\",\"position\":1,\"name\":\"Portada\",\"item\":\"https:\\\/\\\/aquicontigo.uestatales.cl\\\/\"},{\"@type\":\"ListItem\",\"position\":2,\"name\":\"Registro\"}]},{\"@type\":\"WebSite\",\"@id\":\"https:\\\/\\\/aquicontigo.uestatales.cl\\\/#website\",\"url\":\"https:\\\/\\\/aquicontigo.uestatales.cl\\\/\",\"name\":\"Aqu\u00ed Contigo\",\"description\":\"Portal de prevenci\u00f3n y promoci\u00f3n de  salud mental, dirigida a estudiantes universitarios\\\/as\",\"publisher\":{\"@id\":\"https:\\\/\\\/aquicontigo.uestatales.cl\\\/#organization\"},\"potentialAction\":[{\"@type\":\"SearchAction\",\"target\":{\"@type\":\"EntryPoint\",\"urlTemplate\":\"https:\\\/\\\/aquicontigo.uestatales.cl\\\/?s={search_term_string}\"},\"query-input\":{\"@type\":\"PropertyValueSpecification\",\"valueRequired\":true,\"valueName\":\"search_term_string\"}}],\"inLanguage\":\"es\"},{\"@type\":\"Organization\",\"@id\":\"https:\\\/\\\/aquicontigo.uestatales.cl\\\/#organization\",\"name\":\"Red de Salud Digital de Universidades del Estado\",\"alternateName\":\"RSDUE\",\"url\":\"https:\\\/\\\/aquicontigo.uestatales.cl\\\/\",\"logo\":{\"@type\":\"ImageObject\",\"inLanguage\":\"es\",\"@id\":\"https:\\\/\\\/aquicontigo.uestatales.cl\\\/#\\\/schema\\\/logo\\\/image\\\/\",\"url\":\"https:\\\/\\\/aquicontigo.uestatales.cl\\\/wp-content\\\/uploads\\\/2023\\\/11\\\/logo_rsdue_color.png\",\"contentUrl\":\"https:\\\/\\\/aquicontigo.uestatales.cl\\\/wp-content\\\/uploads\\\/2023\\\/11\\\/logo_rsdue_color.png\",\"width\":1475,\"height\":494,\"caption\":\"Red de Salud Digital de Universidades del Estado\"},\"image\":{\"@id\":\"https:\\\/\\\/aquicontigo.uestatales.cl\\\/#\\\/schema\\\/logo\\\/image\\\/\"}}]}<\/script>\n<!-- \/ Yoast SEO plugin. -->","yoast_head_json":{"title":"Registro - Aqu\u00ed Contigo","robots":{"index":"noindex","follow":"nofollow"},"og_locale":"es_ES","og_type":"article","og_title":"Registro - Aqu\u00ed Contigo","og_url":"https:\/\/aquicontigo.uestatales.cl\/index.php\/register\/","og_site_name":"Aqu\u00ed Contigo","article_modified_time":"2024-07-15T15:27:42+00:00","og_image":[{"width":1200,"height":675,"url":"https:\/\/aquicontigo.uestatales.cl\/wp-content\/uploads\/2024\/08\/logo-RSDUE-COMPARTIR.png","type":"image\/png"}],"twitter_card":"summary_large_image","twitter_misc":{"Tiempo de lectura":"1 minuto"},"schema":{"@context":"https:\/\/schema.org","@graph":[{"@type":"WebPage","@id":"https:\/\/aquicontigo.uestatales.cl\/index.php\/register\/","url":"https:\/\/aquicontigo.uestatales.cl\/index.php\/register\/","name":"Registro - Aqu\u00ed Contigo","isPartOf":{"@id":"https:\/\/aquicontigo.uestatales.cl\/#website"},"datePublished":"2023-11-15T14:29:59+00:00","dateModified":"2024-07-15T15:27:42+00:00","breadcrumb":{"@id":"https:\/\/aquicontigo.uestatales.cl\/index.php\/register\/#breadcrumb"},"inLanguage":"es","potentialAction":[{"@type":"ReadAction","target":["https:\/\/aquicontigo.uestatales.cl\/index.php\/register\/"]}]},{"@type":"BreadcrumbList","@id":"https:\/\/aquicontigo.uestatales.cl\/index.php\/register\/#breadcrumb","itemListElement":[{"@type":"ListItem","position":1,"name":"Portada","item":"https:\/\/aquicontigo.uestatales.cl\/"},{"@type":"ListItem","position":2,"name":"Registro"}]},{"@type":"WebSite","@id":"https:\/\/aquicontigo.uestatales.cl\/#website","url":"https:\/\/aquicontigo.uestatales.cl\/","name":"Aqu\u00ed Contigo","description":"Portal de prevenci\u00f3n y promoci\u00f3n de  salud mental, dirigida a estudiantes universitarios\/as","publisher":{"@id":"https:\/\/aquicontigo.uestatales.cl\/#organization"},"potentialAction":[{"@type":"SearchAction","target":{"@type":"EntryPoint","urlTemplate":"https:\/\/aquicontigo.uestatales.cl\/?s={search_term_string}"},"query-input":{"@type":"PropertyValueSpecification","valueRequired":true,"valueName":"search_term_string"}}],"inLanguage":"es"},{"@type":"Organization","@id":"https:\/\/aquicontigo.uestatales.cl\/#organization","name":"Red de Salud Digital de Universidades del Estado","alternateName":"RSDUE","url":"https:\/\/aquicontigo.uestatales.cl\/","logo":{"@type":"ImageObject","inLanguage":"es","@id":"https:\/\/aquicontigo.uestatales.cl\/#\/schema\/logo\/image\/","url":"https:\/\/aquicontigo.uestatales.cl\/wp-content\/uploads\/2023\/11\/logo_rsdue_color.png","contentUrl":"https:\/\/aquicontigo.uestatales.cl\/wp-content\/uploads\/2023\/11\/logo_rsdue_color.png","width":1475,"height":494,"caption":"Red de Salud Digital de Universidades del Estado"},"image":{"@id":"https:\/\/aquicontigo.uestatales.cl\/#\/schema\/logo\/image\/"}}]}},"_links":{"self":[{"href":"https:\/\/aquicontigo.uestatales.cl\/index.php\/wp-json\/wp\/v2\/pages\/34","targetHints":{"allow":["GET"]}}],"collection":[{"href":"https:\/\/aquicontigo.uestatales.cl\/index.php\/wp-json\/wp\/v2\/pages"}],"about":[{"href":"https:\/\/aquicontigo.uestatales.cl\/index.php\/wp-json\/wp\/v2\/types\/page"}],"author":[{"embeddable":true,"href":"https:\/\/aquicontigo.uestatales.cl\/index.php\/wp-json\/wp\/v2\/users\/1"}],"replies":[{"embeddable":true,"href":"https:\/\/aquicontigo.uestatales.cl\/index.php\/wp-json\/wp\/v2\/comments?post=34"}],"version-history":[{"count":1,"href":"https:\/\/aquicontigo.uestatales.cl\/index.php\/wp-json\/wp\/v2\/pages\/34\/revisions"}],"predecessor-version":[{"id":2699,"href":"https:\/\/aquicontigo.uestatales.cl\/index.php\/wp-json\/wp\/v2\/pages\/34\/revisions\/2699"}],"wp:attachment":[{"href":"https:\/\/aquicontigo.uestatales.cl\/index.php\/wp-json\/wp\/v2\/media?parent=34"}],"curies":[{"name":"wp","href":"https:\/\/api.w.org\/{rel}","templated":true}]}}