{"id":2008,"date":"2024-05-08T14:41:01","date_gmt":"2024-05-08T17:41:01","guid":{"rendered":"https:\/\/devrsduemental.iie.cl\/?page_id=2008"},"modified":"2024-07-18T11:28:18","modified_gmt":"2024-07-18T15:28:18","slug":"terminos-y-condiciones","status":"publish","type":"page","link":"https:\/\/aquicontigo.uestatales.cl\/index.php\/terminos-y-condiciones\/","title":{"rendered":"T\u00e9rminos y Condiciones"},"content":{"rendered":"[vc_row type=&#8221;in_container&#8221; full_screen_row_position=&#8221;middle&#8221; column_margin=&#8221;default&#8221; column_direction=&#8221;default&#8221; column_direction_tablet=&#8221;default&#8221; column_direction_phone=&#8221;default&#8221; scene_position=&#8221;center&#8221; text_color=&#8221;dark&#8221; text_align=&#8221;left&#8221; row_border_radius=&#8221;none&#8221; row_border_radius_applies=&#8221;bg&#8221; overflow=&#8221;visible&#8221; overlay_strength=&#8221;0.3&#8243; gradient_direction=&#8221;left_to_right&#8221; shape_divider_position=&#8221;bottom&#8221; bg_image_animation=&#8221;none&#8221;][vc_column column_padding=&#8221;no-extra-padding&#8221; column_padding_tablet=&#8221;inherit&#8221; column_padding_phone=&#8221;inherit&#8221; column_padding_position=&#8221;all&#8221; column_element_direction_desktop=&#8221;default&#8221; column_element_spacing=&#8221;default&#8221; desktop_text_alignment=&#8221;default&#8221; tablet_text_alignment=&#8221;default&#8221; phone_text_alignment=&#8221;default&#8221; background_color_opacity=&#8221;1&#8243; background_hover_color_opacity=&#8221;1&#8243; column_backdrop_filter=&#8221;none&#8221; column_shadow=&#8221;none&#8221; column_border_radius=&#8221;none&#8221; column_link_target=&#8221;_self&#8221; column_position=&#8221;default&#8221; gradient_direction=&#8221;left_to_right&#8221; overlay_strength=&#8221;0.3&#8243; width=&#8221;1\/1&#8243; tablet_width_inherit=&#8221;default&#8221; animation_type=&#8221;default&#8221; bg_image_animation=&#8221;none&#8221; border_type=&#8221;simple&#8221; column_border_width=&#8221;none&#8221; column_border_style=&#8221;solid&#8221;][vc_custom_heading text=&#8221;T\u00e9rminos y Condiciones para el uso del Sitio \u201cAqu\u00ed Contigo\u201d&#8221; google_fonts=&#8221;font_family:Roboto%3A100%2C100italic%2C300%2C300italic%2Cregular%2Citalic%2C500%2C500italic%2C700%2C700italic%2C900%2C900italic|font_style:500%20bold%20regular%3A500%3Anormal&#8221;][\/vc_column][\/vc_row][vc_row type=&#8221;in_container&#8221; full_screen_row_position=&#8221;middle&#8221; column_margin=&#8221;default&#8221; column_direction=&#8221;default&#8221; column_direction_tablet=&#8221;default&#8221; column_direction_phone=&#8221;default&#8221; scene_position=&#8221;center&#8221; text_color=&#8221;dark&#8221; text_align=&#8221;left&#8221; row_border_radius=&#8221;none&#8221; row_border_radius_applies=&#8221;bg&#8221; overflow=&#8221;visible&#8221; overlay_strength=&#8221;0.3&#8243; gradient_direction=&#8221;left_to_right&#8221; shape_divider_position=&#8221;bottom&#8221; bg_image_animation=&#8221;none&#8221;][vc_column column_padding=&#8221;no-extra-padding&#8221; column_padding_tablet=&#8221;inherit&#8221; column_padding_phone=&#8221;inherit&#8221; column_padding_position=&#8221;all&#8221; column_element_direction_desktop=&#8221;default&#8221; column_element_spacing=&#8221;default&#8221; desktop_text_alignment=&#8221;default&#8221; tablet_text_alignment=&#8221;default&#8221; phone_text_alignment=&#8221;default&#8221; background_color_opacity=&#8221;1&#8243; background_hover_color_opacity=&#8221;1&#8243; column_backdrop_filter=&#8221;none&#8221; column_shadow=&#8221;none&#8221; column_border_radius=&#8221;none&#8221; column_link_target=&#8221;_self&#8221; column_position=&#8221;default&#8221; gradient_direction=&#8221;left_to_right&#8221; overlay_strength=&#8221;0.3&#8243; width=&#8221;1\/1&#8243; tablet_width_inherit=&#8221;default&#8221; animation_type=&#8221;default&#8221; bg_image_animation=&#8221;none&#8221; border_type=&#8221;simple&#8221; column_border_width=&#8221;none&#8221; column_border_style=&#8221;solid&#8221;][vc_column_text]Bienvenidos a \u201cAqu\u00ed Contigo\u201d, plataforma web de salud mental dependiente de la Red de Salud Digital de las Universidades del Estado (RSDUE), red que fue creada en el marco del Plan de Fortalecimiento, mediante convenio suscrito entre tales instituciones y el Ministerio de Educaci\u00f3n, aprobado mediante Decreto Exento N\u00b0 1853, de 2021, de la misma Secretar\u00eda de Estado. Uno de sus objetivos consiste en promover la salud mental de estudiantes de la RSDUE mediante la generaci\u00f3n de una plataforma digital colaborativa.<\/p>\n<p><strong>Objetivo<\/strong><\/p>\n<p>Aqu\u00ed Contigo tiene como finalidad proporcionar herramientas educativas y orientadoras destinadas a mejorar el bienestar y promover la salud mental de las y los estudiantes de las universidades estatales chilenas. La plataforma busca facilitar el acceso a recursos y fomentar la interacci\u00f3n con el fin de contribuir al bienestar emocional y psicol\u00f3gico de la comunidad estudiantil.<\/p>\n<p>Adem\u00e1s, en concordancia con el compromiso de las universidades estatales para contribuir a satisfacer diversas necesidades sociales, Aqu\u00ed Contigo ofrece un acceso m\u00e1s limitado a recursos educativos y de apoyo para promover la salud mental de otros usuarios y usuarias no pertenecientes a dichas instituciones.<\/p>\n<p><strong>Exenci\u00f3n de Responsabilidad<\/strong><\/p>\n<p>En caso que los y las estudiantes experimenten problemas de salud mental o necesiten asesoramiento, Aqu\u00ed Contigo difunde datos para que puedan contactarse con profesionales expertos en cada una de las universidades participantes de la RSDUE, quienes podr\u00e1n darles la adecuada orientaci\u00f3n de acuerdo con los procedimientos internos de cada plantel.<\/p>\n<p>Aqu\u00ed Contigo no sustituye la atenci\u00f3n m\u00e9dica o psicol\u00f3gica profesional. Si bien la plataforma ofrece informaci\u00f3n actualizada sobre salud mental y puede proporcionar recursos educativos, en ning\u00fan caso puede ni debe considerarse como un sustituto de la atenci\u00f3n m\u00e9dica o psicol\u00f3gica individualizada. Lo\/as usuario\/as y\/o estudiantes que accedan al sitio, son responsables de buscar atenci\u00f3n profesional si as\u00ed lo necesitan. Aqu\u00ed Contigo no se hace responsable de cualquier consecuencia derivada de la falta de b\u00fasqueda o seguimiento de tratamiento m\u00e9dico o psicol\u00f3gico adecuado.<\/p>\n<p>La RSDUE no se responsabiliza por las informaciones y opiniones emitidas en los productos web, cuando no sean de su exclusiva emisi\u00f3n. Las informaciones y opiniones emitidas por personas ajenas a dicha red no necesariamente reflejan su posici\u00f3n, incluyendo sin limitaci\u00f3n a sus funcionarios, directores, asesores y proveedores. En consecuencia, RSDUE no se hace responsable por ninguna de las informaciones y opiniones que se emitan en sus productos web, en las condiciones descritas.<\/p>\n<p><strong>Uso de la Plataforma<\/strong><\/p>\n<p>Al utilizar Aqu\u00ed Contigo, aceptas que:<\/p>\n<ul>\n<li>La informaci\u00f3n proporcionada en la plataforma tiene fines educativos e informativos \u00fanicamente, y no debe interpretarse como asesoramiento m\u00e9dico o psicol\u00f3gico.<\/li>\n<li>La plataforma informa y orienta la b\u00fasqueda de ayuda profesional, la decisi\u00f3n y responsabilidad de hacerlo es personal.<\/li>\n<li>Los resultados de los cuestionarios de salud mental \u201cS\u00edntomas comunes de salud mental\u201d y \u201cEvaluaci\u00f3n de consumo de alcohol y otras sustancias\u201d no se monitorizan, no se almacenan y no sustituyen la consulta con un profesional.<\/li>\n<li>No utilizar\u00e1s la plataforma para difundir contenido inapropiado, ofensivo o discriminatorio.<\/li>\n<li>Autorizas el tratamiento de tus datos almacenados con fines estad\u00edsticos y de an\u00e1lisis. (<a href=\"https:\/\/aquicontigo.uestatales.cl\/index.php\/politica-de-privacidad\/\">ver pol\u00edtica de privacidad<\/a>)<\/li>\n<li>Al usar la plataforma Aqu\u00ed Contigo, aceptas estos T\u00e9rminos y Condiciones en su totalidad.<\/li>\n<\/ul>\n<p><strong>Aceptaci\u00f3n de las Condiciones de Uso<\/strong><\/p>\n<p>Para todos los efectos legales y por el mero hecho de acceder a los productos web de Aqu\u00ed Contigo, y\/o por registrarse en \u00e9l, el Usuario y\/o estudiante acepta y reconoce que ha revisado y que est\u00e1 de acuerdo con los t\u00e9rminos y condiciones, en lo que en Derecho corresponda. Ser\u00e1 responsabilidad del Usuario y\/o estudiante la lectura y acatamiento de los presentes, cada vez que los utilice. Asimismo, el Usuario y\/o estudiante acepta y reconoce la circunstancia relativa a que la RSDUE podr\u00e1 en cualquier momento modificar el todo o parte de los t\u00e9rminos y condiciones generales, conforme la legislaci\u00f3n vigente o pol\u00edticas del organismo.<\/p>\n<p><strong>Uso correcto de Herramientas<\/strong><\/p>\n<p>Por el hecho de acceder al sitio web, el Usuario y\/o estudiante acepta utilizar las herramientas que se ponen a disposici\u00f3n del p\u00fablico de forma diligente, correcta y l\u00edcita. En general se compromete a no hacer un uso indebido o ilegal de ellas. Entre otras obligaciones, de manera meramente referencial y sin que implique limitaci\u00f3n alguna, al Usuario y\/o al estudiante se le proh\u00edbe especialmente:<\/p>\n<ol type=\"a\">\n<li>Suprimir, eludir o manipular el \u201ccopyright\u201d y dem\u00e1s datos identificadores de los derechos de los productos web de la RSDUE o de sus titulares, incorporados a los Contenidos, as\u00ed como los dispositivos t\u00e9cnicos de protecci\u00f3n, o cualesquiera mecanismos de informaci\u00f3n que pudieren contener los Contenidos;<\/li>\n<li>No respetar la privacidad, opiniones, punto de vista, ideolog\u00eda, religi\u00f3n y etnia de otros Usuarios o estudiantes,, as\u00ed como aquellas otras opciones personales o aspectos pertenecientes su esfera de intimidad y privacidad;<\/li>\n<li>Usar las herramientas que el portal pone a disposici\u00f3n del p\u00fablico con prop\u00f3sitos comerciales, incluyendo la promoci\u00f3n de cualquier bien o servicio;<\/li>\n<li>Proporcionar informaci\u00f3n obscena, difamatoria, da\u00f1ina o conocidamente falsa;<\/li>\n<li>Obstaculizar, entorpecer, restringir o limitar el uso de las herramientas por parte de otros Usuarios;<\/li>\n<li>En general, deber\u00e1 abstenerse de utilizar los productos Web de La Instituci\u00f3n de manera que atente contra los leg\u00edtimos derechos de terceros, o bien que pueda da\u00f1ar, inutilizar, sobrecargar o deteriorar los Contenidos o impedir su normal uso por parte de otros Usuarios.<\/li>\n<\/ol>\n<p><strong>Utilizaci\u00f3n y Reproducci\u00f3n de los Contenidos<\/strong><\/p>\n<p>Se permite el uso de las herramientas web de \u201cAqu\u00ed Contigo\u201d con fines estrictamente personales, que en ning\u00fan caso impliquen la utilizaci\u00f3n de los mismos para fines de lucro y siempre que se cite la fuente.<\/p>\n<p><strong>Registro<\/strong><\/p>\n<p>Los Contenidos de los productos Web de la RSDUE tienen car\u00e1cter gratuito para Usuarios y estudiantes y no exigen la suscripci\u00f3n previa. Sin perjuicio de lo anterior, el acceso a ciertos contenidos del Portal s\u00f3lo se encuentra habilitado para estudiantes, funcionarios y acad\u00e9micos adscritos a las universidades que conforman la Red de Salud Digital de las Universidades del Estado, previa verificaci\u00f3n de su identidad mediante Registro.<\/p>\n<p>El estudiante habilitado para este uso, que desee utilizar las herramientas web de Aqu\u00ed Contigo deber\u00e1 inscribirse a trav\u00e9s del Formulario de Registro o ingresar mediante su correo institucional. Este acceso se encuentra disponible solo para usuarios estudiantes, funcionarios o acad\u00e9micos, de las universidades que conforman la RSDUE.<\/p>\n<p>El estudiante y\/o usuario, cuando correspondiere, ser\u00e1 el responsable de los datos entregados y de la actualizaci\u00f3n de \u00e9stos si procediere.<\/p>\n<p><strong>Modificaciones y Actualizaciones<\/strong><\/p>\n<p>Nos reservamos el derecho de modificar o actualizar estos T\u00e9rminos y Condiciones en cualquier momento, para adaptarlos a novedades legislativas o jurisprudenciales, as\u00ed como a pr\u00e1cticas de la industria. Te recomendamos revisar peri\u00f3dicamente esta secci\u00f3n para estar al tanto de cualquier cambio.<\/p>\n<p><strong>Soluci\u00f3n de Controversias<\/strong><\/p>\n<p>Todas las controversias y\/o reclamos que puedan surgir por el uso de la plataforma Aqu\u00ed Contigo implica la aceptaci\u00f3n y sometimiento a las Leyes de la Rep\u00fablica de Chile. Todas las controversias y\/o reclamos que surjan del uso de \u00e9stos ser\u00e1n resueltos por Tribunales competentes en Santiago, Chile.<\/p>\n<p><strong>Contacto<\/strong><\/p>\n<p>Si tienes alguna pregunta o inquietud sobre estos T\u00e9rminos y Condiciones, no dudes en contactarnos a trav\u00e9s de <a href=\"mailto:contacto@rsdue.cl\">contacto@rsdue.cl<\/a>[\/vc_column_text][\/vc_column][\/vc_row]\n","protected":false},"excerpt":{"rendered":"<p>[vc_row type=&#8221;in_container&#8221; full_screen_row_position=&#8221;middle&#8221; column_margin=&#8221;default&#8221; column_direction=&#8221;default&#8221; column_direction_tablet=&#8221;default&#8221; column_direction_phone=&#8221;default&#8221; scene_position=&#8221;center&#8221; text_color=&#8221;dark&#8221; text_align=&#8221;left&#8221; row_border_radius=&#8221;none&#8221; row_border_radius_applies=&#8221;bg&#8221; overflow=&#8221;visible&#8221; overlay_strength=&#8221;0.3&#8243; gradient_direction=&#8221;left_to_right&#8221; shape_divider_position=&#8221;bottom&#8221; bg_image_animation=&#8221;none&#8221;][vc_column column_padding=&#8221;no-extra-padding&#8221; column_padding_tablet=&#8221;inherit&#8221; column_padding_phone=&#8221;inherit&#8221; column_padding_position=&#8221;all&#8221; column_element_direction_desktop=&#8221;default&#8221; column_element_spacing=&#8221;default&#8221; desktop_text_alignment=&#8221;default&#8221; tablet_text_alignment=&#8221;default&#8221; phone_text_alignment=&#8221;default&#8221; background_color_opacity=&#8221;1&#8243; background_hover_color_opacity=&#8221;1&#8243; column_backdrop_filter=&#8221;none&#8221; column_shadow=&#8221;none&#8221;&#8230;<\/p>\n","protected":false},"author":22,"featured_media":0,"parent":0,"menu_order":0,"comment_status":"closed","ping_status":"closed","template":"","meta":{"inline_featured_image":false,"footnotes":""},"class_list":["post-2008","page","type-page","status-publish"],"yoast_head":"<!-- This site is optimized with the Yoast SEO plugin v27.6 - https:\/\/yoast.com\/product\/yoast-seo-wordpress\/ -->\n<title>T\u00e9rminos y Condiciones - Aqu\u00ed Contigo<\/title>\n<meta name=\"description\" content=\"Consulta nuestros t\u00e9rminos y condiciones para conocer las normativas y condiciones de uso de Aqu\u00ed Contigo, perteneciente a la RSDUE.\" \/>\n<meta name=\"robots\" content=\"index, follow, max-snippet:-1, max-image-preview:large, max-video-preview:-1\" \/>\n<link rel=\"canonical\" href=\"https:\/\/aquicontigo.uestatales.cl\/index.php\/terminos-y-condiciones\/\" \/>\n<meta property=\"og:locale\" content=\"es_ES\" \/>\n<meta property=\"og:type\" content=\"article\" \/>\n<meta property=\"og:title\" content=\"T\u00e9rminos y Condiciones - Aqu\u00ed Contigo\" \/>\n<meta property=\"og:description\" content=\"Consulta nuestros t\u00e9rminos y condiciones para conocer las normativas y condiciones de uso de Aqu\u00ed Contigo, perteneciente a la RSDUE.\" \/>\n<meta property=\"og:url\" content=\"https:\/\/aquicontigo.uestatales.cl\/index.php\/terminos-y-condiciones\/\" \/>\n<meta property=\"og:site_name\" content=\"Aqu\u00ed Contigo\" \/>\n<meta property=\"article:modified_time\" content=\"2024-07-18T15:28:18+00:00\" \/>\n<meta property=\"og:image\" content=\"https:\/\/aquicontigo.uestatales.cl\/wp-content\/uploads\/2024\/08\/logo-RSDUE-COMPARTIR.png\" \/>\n\t<meta property=\"og:image:width\" content=\"1200\" \/>\n\t<meta property=\"og:image:height\" content=\"675\" \/>\n\t<meta property=\"og:image:type\" content=\"image\/png\" \/>\n<meta name=\"twitter:card\" content=\"summary_large_image\" \/>\n<meta name=\"twitter:label1\" content=\"Tiempo de lectura\" \/>\n\t<meta name=\"twitter:data1\" content=\"6 minutos\" \/>\n<script type=\"application\/ld+json\" class=\"yoast-schema-graph\">{\"@context\":\"https:\\\/\\\/schema.org\",\"@graph\":[{\"@type\":\"WebPage\",\"@id\":\"https:\\\/\\\/aquicontigo.uestatales.cl\\\/index.php\\\/terminos-y-condiciones\\\/\",\"url\":\"https:\\\/\\\/aquicontigo.uestatales.cl\\\/index.php\\\/terminos-y-condiciones\\\/\",\"name\":\"T\u00e9rminos y Condiciones - Aqu\u00ed Contigo\",\"isPartOf\":{\"@id\":\"https:\\\/\\\/aquicontigo.uestatales.cl\\\/#website\"},\"datePublished\":\"2024-05-08T17:41:01+00:00\",\"dateModified\":\"2024-07-18T15:28:18+00:00\",\"description\":\"Consulta nuestros t\u00e9rminos y condiciones para conocer las normativas y condiciones de uso de Aqu\u00ed Contigo, perteneciente a la RSDUE.\",\"breadcrumb\":{\"@id\":\"https:\\\/\\\/aquicontigo.uestatales.cl\\\/index.php\\\/terminos-y-condiciones\\\/#breadcrumb\"},\"inLanguage\":\"es\",\"potentialAction\":[{\"@type\":\"ReadAction\",\"target\":[\"https:\\\/\\\/aquicontigo.uestatales.cl\\\/index.php\\\/terminos-y-condiciones\\\/\"]}]},{\"@type\":\"BreadcrumbList\",\"@id\":\"https:\\\/\\\/aquicontigo.uestatales.cl\\\/index.php\\\/terminos-y-condiciones\\\/#breadcrumb\",\"itemListElement\":[{\"@type\":\"ListItem\",\"position\":1,\"name\":\"Portada\",\"item\":\"https:\\\/\\\/aquicontigo.uestatales.cl\\\/\"},{\"@type\":\"ListItem\",\"position\":2,\"name\":\"T\u00e9rminos y Condiciones\"}]},{\"@type\":\"WebSite\",\"@id\":\"https:\\\/\\\/aquicontigo.uestatales.cl\\\/#website\",\"url\":\"https:\\\/\\\/aquicontigo.uestatales.cl\\\/\",\"name\":\"Aqu\u00ed Contigo\",\"description\":\"Portal de prevenci\u00f3n y promoci\u00f3n de  salud mental, dirigida a estudiantes universitarios\\\/as\",\"publisher\":{\"@id\":\"https:\\\/\\\/aquicontigo.uestatales.cl\\\/#organization\"},\"potentialAction\":[{\"@type\":\"SearchAction\",\"target\":{\"@type\":\"EntryPoint\",\"urlTemplate\":\"https:\\\/\\\/aquicontigo.uestatales.cl\\\/?s={search_term_string}\"},\"query-input\":{\"@type\":\"PropertyValueSpecification\",\"valueRequired\":true,\"valueName\":\"search_term_string\"}}],\"inLanguage\":\"es\"},{\"@type\":\"Organization\",\"@id\":\"https:\\\/\\\/aquicontigo.uestatales.cl\\\/#organization\",\"name\":\"Red de Salud Digital de Universidades del Estado\",\"alternateName\":\"RSDUE\",\"url\":\"https:\\\/\\\/aquicontigo.uestatales.cl\\\/\",\"logo\":{\"@type\":\"ImageObject\",\"inLanguage\":\"es\",\"@id\":\"https:\\\/\\\/aquicontigo.uestatales.cl\\\/#\\\/schema\\\/logo\\\/image\\\/\",\"url\":\"https:\\\/\\\/aquicontigo.uestatales.cl\\\/wp-content\\\/uploads\\\/2023\\\/11\\\/logo_rsdue_color.png\",\"contentUrl\":\"https:\\\/\\\/aquicontigo.uestatales.cl\\\/wp-content\\\/uploads\\\/2023\\\/11\\\/logo_rsdue_color.png\",\"width\":1475,\"height\":494,\"caption\":\"Red de Salud Digital de Universidades del Estado\"},\"image\":{\"@id\":\"https:\\\/\\\/aquicontigo.uestatales.cl\\\/#\\\/schema\\\/logo\\\/image\\\/\"}}]}<\/script>\n<!-- \/ Yoast SEO plugin. -->","yoast_head_json":{"title":"T\u00e9rminos y Condiciones - Aqu\u00ed Contigo","description":"Consulta nuestros t\u00e9rminos y condiciones para conocer las normativas y condiciones de uso de Aqu\u00ed Contigo, perteneciente a la RSDUE.","robots":{"index":"index","follow":"follow","max-snippet":"max-snippet:-1","max-image-preview":"max-image-preview:large","max-video-preview":"max-video-preview:-1"},"canonical":"https:\/\/aquicontigo.uestatales.cl\/index.php\/terminos-y-condiciones\/","og_locale":"es_ES","og_type":"article","og_title":"T\u00e9rminos y Condiciones - Aqu\u00ed Contigo","og_description":"Consulta nuestros t\u00e9rminos y condiciones para conocer las normativas y condiciones de uso de Aqu\u00ed Contigo, perteneciente a la RSDUE.","og_url":"https:\/\/aquicontigo.uestatales.cl\/index.php\/terminos-y-condiciones\/","og_site_name":"Aqu\u00ed Contigo","article_modified_time":"2024-07-18T15:28:18+00:00","og_image":[{"width":1200,"height":675,"url":"https:\/\/aquicontigo.uestatales.cl\/wp-content\/uploads\/2024\/08\/logo-RSDUE-COMPARTIR.png","type":"image\/png"}],"twitter_card":"summary_large_image","twitter_misc":{"Tiempo de lectura":"6 minutos"},"schema":{"@context":"https:\/\/schema.org","@graph":[{"@type":"WebPage","@id":"https:\/\/aquicontigo.uestatales.cl\/index.php\/terminos-y-condiciones\/","url":"https:\/\/aquicontigo.uestatales.cl\/index.php\/terminos-y-condiciones\/","name":"T\u00e9rminos y Condiciones - Aqu\u00ed Contigo","isPartOf":{"@id":"https:\/\/aquicontigo.uestatales.cl\/#website"},"datePublished":"2024-05-08T17:41:01+00:00","dateModified":"2024-07-18T15:28:18+00:00","description":"Consulta nuestros t\u00e9rminos y condiciones para conocer las normativas y condiciones de uso de Aqu\u00ed Contigo, perteneciente a la RSDUE.","breadcrumb":{"@id":"https:\/\/aquicontigo.uestatales.cl\/index.php\/terminos-y-condiciones\/#breadcrumb"},"inLanguage":"es","potentialAction":[{"@type":"ReadAction","target":["https:\/\/aquicontigo.uestatales.cl\/index.php\/terminos-y-condiciones\/"]}]},{"@type":"BreadcrumbList","@id":"https:\/\/aquicontigo.uestatales.cl\/index.php\/terminos-y-condiciones\/#breadcrumb","itemListElement":[{"@type":"ListItem","position":1,"name":"Portada","item":"https:\/\/aquicontigo.uestatales.cl\/"},{"@type":"ListItem","position":2,"name":"T\u00e9rminos y Condiciones"}]},{"@type":"WebSite","@id":"https:\/\/aquicontigo.uestatales.cl\/#website","url":"https:\/\/aquicontigo.uestatales.cl\/","name":"Aqu\u00ed Contigo","description":"Portal de prevenci\u00f3n y promoci\u00f3n de  salud mental, dirigida a estudiantes universitarios\/as","publisher":{"@id":"https:\/\/aquicontigo.uestatales.cl\/#organization"},"potentialAction":[{"@type":"SearchAction","target":{"@type":"EntryPoint","urlTemplate":"https:\/\/aquicontigo.uestatales.cl\/?s={search_term_string}"},"query-input":{"@type":"PropertyValueSpecification","valueRequired":true,"valueName":"search_term_string"}}],"inLanguage":"es"},{"@type":"Organization","@id":"https:\/\/aquicontigo.uestatales.cl\/#organization","name":"Red de Salud Digital de Universidades del Estado","alternateName":"RSDUE","url":"https:\/\/aquicontigo.uestatales.cl\/","logo":{"@type":"ImageObject","inLanguage":"es","@id":"https:\/\/aquicontigo.uestatales.cl\/#\/schema\/logo\/image\/","url":"https:\/\/aquicontigo.uestatales.cl\/wp-content\/uploads\/2023\/11\/logo_rsdue_color.png","contentUrl":"https:\/\/aquicontigo.uestatales.cl\/wp-content\/uploads\/2023\/11\/logo_rsdue_color.png","width":1475,"height":494,"caption":"Red de Salud Digital de Universidades del Estado"},"image":{"@id":"https:\/\/aquicontigo.uestatales.cl\/#\/schema\/logo\/image\/"}}]}},"_links":{"self":[{"href":"https:\/\/aquicontigo.uestatales.cl\/index.php\/wp-json\/wp\/v2\/pages\/2008","targetHints":{"allow":["GET"]}}],"collection":[{"href":"https:\/\/aquicontigo.uestatales.cl\/index.php\/wp-json\/wp\/v2\/pages"}],"about":[{"href":"https:\/\/aquicontigo.uestatales.cl\/index.php\/wp-json\/wp\/v2\/types\/page"}],"author":[{"embeddable":true,"href":"https:\/\/aquicontigo.uestatales.cl\/index.php\/wp-json\/wp\/v2\/users\/22"}],"replies":[{"embeddable":true,"href":"https:\/\/aquicontigo.uestatales.cl\/index.php\/wp-json\/wp\/v2\/comments?post=2008"}],"version-history":[{"count":6,"href":"https:\/\/aquicontigo.uestatales.cl\/index.php\/wp-json\/wp\/v2\/pages\/2008\/revisions"}],"predecessor-version":[{"id":2027,"href":"https:\/\/aquicontigo.uestatales.cl\/index.php\/wp-json\/wp\/v2\/pages\/2008\/revisions\/2027"}],"wp:attachment":[{"href":"https:\/\/aquicontigo.uestatales.cl\/index.php\/wp-json\/wp\/v2\/media?parent=2008"}],"curies":[{"name":"wp","href":"https:\/\/api.w.org\/{rel}","templated":true}]}}